{"id":456,"date":"2025-11-21T09:50:43","date_gmt":"2025-11-21T09:50:43","guid":{"rendered":"https:\/\/moore-serbia.eu2.moore-global.com\/?page_id=456"},"modified":"2025-11-21T10:31:47","modified_gmt":"2025-11-21T10:31:47","slug":"join-us","status":"publish","type":"page","link":"https:\/\/www.moore-serbia.rs\/srp\/join-us\/","title":{"rendered":"Pridru\u017eite nam se"},"content":{"rendered":"<style id=\"strategiq-hero-style\">@media (min-width: 992px){.block-hero{margin-left:83px}}.block-hero .position-relative:has(.hero__svg){overflow:hidden}.block-hero .hero__svg{z-index:1;-webkit-transform:translateX(100%);transform:translateX(100%);opacity:0;-webkit-animation:heroSvgFadeIn 1s ease-out forwards;animation:heroSvgFadeIn 1s ease-out forwards;-webkit-animation-delay:0.3s;animation-delay:0.3s}.block-hero .hero__svg-left{position:absolute;left:0;top:0;height:100%;-webkit-transform:translateX(100%);transform:translateX(100%);opacity:0;-webkit-animation:heroSvgFadeInReverse 2s cubic-bezier(0.25, 0.1, 0.05, 1) forwards;animation:heroSvgFadeInReverse 2s cubic-bezier(0.25, 0.1, 0.05, 1) forwards;-webkit-animation-delay:0.3s;animation-delay:0.3s}.block-hero .hero__svg-right{position:absolute;right:0;top:0;height:100%;-webkit-transform:translateX(-100%);transform:translateX(-100%);opacity:0;-webkit-animation:heroSvgFadeIn 2s cubic-bezier(0.25, 0.1, 0.05, 1) forwards;animation:heroSvgFadeIn 2s cubic-bezier(0.25, 0.1, 0.05, 1) forwards;-webkit-animation-delay:1s;animation-delay:1s}@-webkit-keyframes heroSvgFadeIn{0%{opacity:0;-webkit-transform:translateX(100%);transform:translateX(100%)}100%{opacity:1;-webkit-transform:translateX(0);transform:translateX(0)}}@keyframes heroSvgFadeIn{0%{opacity:0;-webkit-transform:translateX(100%);transform:translateX(100%)}100%{opacity:1;-webkit-transform:translateX(0);transform:translateX(0)}}@-webkit-keyframes heroSvgFadeInReverse{0%{opacity:0;-webkit-transform:translateX(-100%);transform:translateX(-100%)}100%{opacity:1;-webkit-transform:translateX(0);transform:translateX(0)}}@keyframes heroSvgFadeInReverse{0%{opacity:0;-webkit-transform:translateX(-100%);transform:translateX(-100%)}100%{opacity:1;-webkit-transform:translateX(0);transform:translateX(0)}}.block-hero--large{margin-left:0}.block-hero--large .hero{background:transparent}.block-hero--large.has-secondary-background-color .hero__content-wrapper{background-color:#5C0696}.block-hero--large.has-primary-background-color .hero__content-wrapper{background-color:#02212E}.block-hero--large.has-prussian-blue-background-color{background-color:transparent !important}.block-hero--large.has-prussian-blue-background-color .hero__content-wrapper{background:#004C6C}.block-hero--large.has-primary-gradient-gradient-background{background:transparent !important}.block-hero--large.has-primary-gradient-gradient-background .hero__content-wrapper{background:var(--primary-gradient)}.block-hero--large.has-secondary-gradient-gradient-background{background:transparent !important}.block-hero--large.has-secondary-gradient-gradient-background .hero__content-wrapper{background:var(--secondary-gradient)}.block-hero--large.has-tertiary-gradient-gradient-background{background:transparent !important}.block-hero--large.has-tertiary-gradient-gradient-background .hero__content-wrapper{background:var(--tertiary-gradient)}@media (min-width: 992px){.block-hero--heading-above-image{border-left:1px solid #D9D9D9;margin-right:83px}}.block-hero--heading-above-image .hero{min-height:410px}@media (min-width: 768px){.block-hero--heading-above-image .hero{min-height:570px}}.block-hero--heading-above-image .hero--call-to-action{-webkit-box-pack:end;-ms-flex-pack:end;justify-content:flex-end}@media (min-width: 992px){.block-hero--heading-above-image .hero--call-to-action{padding-right:0}}.block-hero.has-secondary-background-color{background-color:transparent !important}.block-hero.has-secondary-background-color .hero{background:#5C0696}.block-hero.has-white-background-color .hero{background:#fff}.block-hero.has-white-background-color .hero__title,.block-hero.has-white-background-color .hero__content p{color:#000}.block-hero.has-light-blue-background-color .hero{background:#eaf7fe}.block-hero.has-light-blue-background-color .hero__title,.block-hero.has-light-blue-background-color .hero__content p{color:#000}.block-hero.has-primary-background-color .hero{background:#02212E}.block-hero.has-prussian-blue-background-color{background-color:transparent !important}.block-hero.has-prussian-blue-background-color .hero{background:#004C6C}.block-hero.has-primary-gradient-gradient-background{background:transparent !important}.block-hero.has-primary-gradient-gradient-background .hero{background:var(--primary-gradient)}.block-hero.has-secondary-gradient-gradient-background{background:transparent !important}.block-hero.has-secondary-gradient-gradient-background .hero{background:var(--secondary-gradient)}.block-hero.has-tertiary-gradient-gradient-background{background:transparent !important}.block-hero.has-tertiary-gradient-gradient-background .hero{background:var(--tertiary-gradient)}\n\n\/*# sourceMappingURL=block-hero.css.map *\/\n<\/style>\n<section class=\"wp-block-strategiq block-hero block-hero block-hero--default wp-block-strategiq-hero\">\n\t\n\n<div class=\"hero hero--default\">\n\t\n\t<div class=\"container-fluid\">\n\t\t<div class=\"row\">\n\t\t\t<div class=\"col-12  p-0\">\n\t\t\t\t\t\t\t\t\t<picture class=\"hero__image behave-as-bg--cover behave-as-bg--center-center behave-as-bg\"><source media=\"(min-width: 1200px)\" srcset=\"https:\/\/www.moore-serbia.rs\/wp-content\/uploads\/sites\/7\/bis-images\/460\/Join-us-1024x480-f50_50.jpg 0.533x,https:\/\/www.moore-serbia.rs\/wp-content\/uploads\/sites\/7\/bis-images\/460\/Join-us-1024x480-f50_50.jpg 0.533x\"><source media=\"(min-width: 992px)\" srcset=\"https:\/\/www.moore-serbia.rs\/wp-content\/uploads\/sites\/7\/bis-images\/460\/Join-us-1600x900.jpg 1.000x,https:\/\/www.moore-serbia.rs\/wp-content\/uploads\/sites\/7\/bis-images\/460\/Join-us-3200x1800.jpg 2.000x\"><source media=\"(min-width: 0px)\" srcset=\"https:\/\/www.moore-serbia.rs\/wp-content\/uploads\/sites\/7\/bis-images\/460\/Join-us-800x800.jpg 1.000x,https:\/\/www.moore-serbia.rs\/wp-content\/uploads\/sites\/7\/bis-images\/460\/Join-us-1600x1600.jpg 2.000x\"><img loading=\"lazy\" decoding=\"async\" src=\"https:\/\/www.moore-serbia.rs\/wp-content\/uploads\/sites\/7\/bis-images\/460\/Join-us-800x800.jpg\" srcset=\"https:\/\/www.moore-serbia.rs\/wp-content\/uploads\/sites\/7\/bis-images\/460\/Join-us-800x800.jpg 1.000x,https:\/\/www.moore-serbia.rs\/wp-content\/uploads\/sites\/7\/bis-images\/460\/Join-us-1600x1600.jpg 2.000x\" alt=\"Join us\" width=\"800\" height=\"800\" class=\"\"><\/picture>\t\t\t\t\n\t\t\t\t\n\t\t\t\t\t\t\t\t\t<div class=\"hero__content-wrapper\">\n\t\t\t\t\t\t<div class=\"hero__content\">\n\t\t\t\t\t\t\t<h1 class='hero__title'>Pridru\u017eite nam se<\/h1>\t\t\t\t\t\t\t\t\t\t\t\t\t\t\t\t\t\t\t\t<\/div>\n\t\t\t\t\t<\/div>\n\t\t\t\t\n\t\t\t<\/div>\n\n\t\t\t\t\t<\/div>\n\t<\/div>\n\n\t<\/div>\n<\/section>\n\n\n<style id=\"strategiq-two-column-style\">.block-two-column{padding:40px 0 20px}.single-firm .block-two-column{padding-bottom:1.875rem}@media (min-width: 768px){.block-two-column{padding:0}}@media (min-width: 768px){.block-two-column .content-offset-right{padding-right:0}}@media (min-width: 992px){.block-two-column .content-offset-right{padding-right:calc(8.33333% + 24px)}}.block-two-column img{width:100%}.block-two-column__content{color:var(--text-color)}.block-two-column__content p:last-of-type{margin-bottom:0}.block-two-column__content iframe{width:100%}.block-two-column__list-content{margin-bottom:2.5rem}.block-two-column__list-heading{margin-bottom:8px;font-size:20px;font-weight:500}.block-two-column__list li p:last-of-type{margin-bottom:0}.block-two-column__list ul:first-of-type,.block-two-column__list ol:first-of-type{margin-top:0}.block-two-column__list ul:first-of-type li:first-of-type,.block-two-column__list ol:first-of-type li:first-of-type{margin-top:0}.block-two-column__list>p+ul:first-of-type,.block-two-column__list>p+ol:first-of-type{margin-top:1rem}.block-two-column__list>p+ul:first-of-type li:first-of-type,.block-two-column__list>p+ol:first-of-type li:first-of-type{margin-top:24px}.block-two-column__content.position-sticky,.block-two-column__list.position-sticky,.block-two-column__image-container.position-sticky{top:calc(var(--site-header-height) + 1rem)}.block-two-column__content,.block-two-column__image,.block-two-column__list{padding:12px 0}@media (min-width: 768px){.block-two-column__content,.block-two-column__image,.block-two-column__list{padding:2.5rem 1rem}}@media (min-width: 992px){.block-two-column__content,.block-two-column__image,.block-two-column__list{padding:5rem 0 3.75rem 0}}\n\n\/*# sourceMappingURL=block-two-column.css.map *\/\n<\/style>\n<section class=\"wp-block-strategiq block-two-column wp-block-strategiq-two-column\">\n\t<div class=\"container\">\n\t\t\t\t\t<div class=\"line line--grey\"><\/div>\n\t\t\t<div class=\"section-name\">\n\t\t\t\t<div class=\"section-name__inner\">\n\t\t\t\t\t\t\t\t\t\t<h2 class=\"section-name__heading\">Za\u0161to treba da se pridru\u017eite nama?<\/h2>\n\t\t\t\t<\/div>\n\t\t\t<\/div>\n\t\t\t\t<div class=\"row align-items-start\">\n\t\t\t\t\t\t\t<div class=\"col-12 col-md-6 col-lg-5 offset-lg-1 content-offset-right\">\n\t\t\t\t\t\t\t\t\t\t\t<div class=\"block-two-column__content content-container\">\n\t\t\t\t\t\t\t\t\t\t\t\t\t\t\t<h3 class=\"body--xlarge\">Za\u0161to treba da se pridru\u017eite nama?<\/h3>\n<p>&nbsp;<\/p>\n\t\t\t\t\t\t\t\t\t\t\t\t\t<\/div>\n\t\t\t\t\t\t\t\t\t<\/div>\n\t\t\t\t\t\t\t<div class=\"col-12 col-md-6\">\n\t\t\t\t\t\t\t\t\t\t\t\t\t\t\t\t\t\t<div class=\"block-two-column__list content-container\">\n\n\t\t\t\t\t\t\t\t\n\t\t\t\t\t\t\t\t\n\t\t\t\t\t\t\t\t<ol>\n\t\t\t\t\t\t\t\t\t\t\t\t\t\t\t\t\t\t\t<li>\n\t\t\t\t\t\t\t\t\t\t\t\t\t\t\t\t\t\t\t\t\t\t<p class=\"block-two-column__list-heading\">Da li znate da je skoro polovina partnera \u0161irom Moore prethodno radilo u nekoj od Big 4?<\/p>\n\t\t\t\t\t\t\t\t\t\t\t\t\t\t\t\t\t\t\t\t\t<\/li>\n\t\t\t\t\t\t\t\t\t\t\t\t\t\t\t\t\t\t\t<li>\n\t\t\t\t\t\t\t\t\t\t\t\t\t\t\t\t\t\t\t\t\t\t<p class=\"block-two-column__list-heading\">Na poziciji ste menad\u017eera u me\u0111unarodnoj kompaniji bez \u0161anse da u njoj ikada postanete partneri.<\/p>\n\t\t\t\t\t\t\t\t\t\t\t\t\t\t\t\t\t\t\t\t\t<\/li>\n\t\t\t\t\t\t\t\t\t\t\t\t\t\t\t\t\t\t\t<li>\n\t\t\t\t\t\t\t\t\t\t\t\t\t\t\t\t\t\t\t\t\t\t<p class=\"block-two-column__list-heading\">Da li znate da su sve najve\u0107e firme postale najve\u0107e najvi\u0161e zahvaljuju\u0107i poslovnim kombinacijama (M&amp;A)?<\/p>\n\t\t\t\t\t\t\t\t\t\t\t\t\t\t\t\t\t\t\t\t\t<\/li>\n\t\t\t\t\t\t\t\t\t\t\t\t\t\t\t\t\t\t\t<li>\n\t\t\t\t\t\t\t\t\t\t\t\t\t\t\t\t\t\t\t\t\t\t<p class=\"block-two-column__list-heading\">Imate specijalisti\u010dka znanja koja su komplementarna na\u0161im i \u017eelite da u\u010dite.<\/p>\n\t\t\t\t\t\t\t\t\t\t\t\t\t\t\t\t\t\t\t\t\t<\/li>\n\t\t\t\t\t\t\t\t\t\t\t\t\t\t\t\t\t\t\t<li>\n\t\t\t\t\t\t\t\t\t\t\t\t\t\t\t\t\t\t\t\t\t\t<p class=\"block-two-column__list-heading\">Spremni ste da prihvatite izazov i osetite kako je to kada gradite ne\u0161to svoje.<\/p>\n\t\t\t\t\t\t\t\t\t\t\t\t\t\t\t\t\t\t\t\t\t<\/li>\n\t\t\t\t\t\t\t\t\t\t\t\t\t\t\t\t\t\t\t<li>\n\t\t\t\t\t\t\t\t\t\t\t\t\t\t\t\t\t\t\t\t\t\t<p class=\"block-two-column__list-heading\">Verujete da bi kroz sinergiju sa nama mogli napraviti \u201ewin-win\u201c kombinaciju.<\/p>\n\t\t\t\t\t\t\t\t\t\t\t\t\t\t\t\t\t\t\t\t\t<\/li>\n\t\t\t\t\t\t\t\t\t\t\t\t\t\t\t\t\t<\/ol>\n\t\t\t\t\t\t\t<\/div>\n\t\t\t\t\t\t\t\t\t\t\t\t\t\t\t<\/div>\n\t\t\t\t\t<\/div>\n\t<\/div>\n<\/section>","protected":false},"excerpt":{"rendered":"","protected":false},"author":20,"featured_media":460,"parent":0,"menu_order":0,"comment_status":"closed","ping_status":"closed","template":"","meta":{"_acf_changed":true,"footnotes":""},"class_list":["post-456","page","type-page","status-publish","has-post-thumbnail","hentry"],"acf":[],"yoast_head":"<!-- This site is optimized with the Yoast SEO plugin v27.5 - https:\/\/yoast.com\/product\/yoast-seo-wordpress\/ -->\n<title>Join us - Moore Stephens Revizija<\/title>\n<meta name=\"robots\" content=\"index, follow, max-snippet:-1, max-image-preview:large, max-video-preview:-1\" \/>\n<link rel=\"canonical\" href=\"https:\/\/www.moore-serbia.rs\/srp\/join-us\/\" \/>\n<meta property=\"og:locale\" content=\"en_US\" \/>\n<meta property=\"og:type\" content=\"article\" \/>\n<meta property=\"og:title\" content=\"Join us - Moore Stephens Revizija\" \/>\n<meta property=\"og:url\" content=\"https:\/\/www.moore-serbia.rs\/srp\/join-us\/\" \/>\n<meta property=\"og:site_name\" content=\"Moore Stephens Revizija\" \/>\n<meta property=\"article:modified_time\" content=\"2025-11-21T10:31:47+00:00\" \/>\n<meta property=\"og:image\" content=\"https:\/\/www.moore-serbia.rs\/wp-content\/uploads\/sites\/7\/2025\/11\/Join-us.jpg\" \/>\n\t<meta property=\"og:image:width\" content=\"1024\" \/>\n\t<meta property=\"og:image:height\" content=\"683\" \/>\n\t<meta property=\"og:image:type\" content=\"image\/jpeg\" \/>\n<meta name=\"twitter:card\" content=\"summary_large_image\" \/>\n<meta name=\"twitter:label1\" content=\"Est. reading time\" \/>\n\t<meta name=\"twitter:data1\" content=\"1 minute\" \/>\n<script type=\"application\/ld+json\" class=\"yoast-schema-graph\">{\"@context\":\"https:\\\/\\\/schema.org\",\"@graph\":[{\"@type\":\"WebPage\",\"@id\":\"https:\\\/\\\/www.moore-serbia.rs\\\/srp\\\/join-us\\\/\",\"url\":\"https:\\\/\\\/www.moore-serbia.rs\\\/srp\\\/join-us\\\/\",\"name\":\"Join us - Moore Stephens Revizija\",\"isPartOf\":{\"@id\":\"http:\\\/\\\/www.moore-serbia.rs\\\/srp\\\/#website\"},\"primaryImageOfPage\":{\"@id\":\"https:\\\/\\\/www.moore-serbia.rs\\\/srp\\\/join-us\\\/#primaryimage\"},\"image\":{\"@id\":\"https:\\\/\\\/www.moore-serbia.rs\\\/srp\\\/join-us\\\/#primaryimage\"},\"thumbnailUrl\":\"https:\\\/\\\/www.moore-serbia.rs\\\/wp-content\\\/uploads\\\/sites\\\/7\\\/2025\\\/11\\\/Join-us.jpg\",\"datePublished\":\"2025-11-21T09:50:43+00:00\",\"dateModified\":\"2025-11-21T10:31:47+00:00\",\"breadcrumb\":{\"@id\":\"https:\\\/\\\/www.moore-serbia.rs\\\/srp\\\/join-us\\\/#breadcrumb\"},\"inLanguage\":\"srp\",\"potentialAction\":[{\"@type\":\"ReadAction\",\"target\":[\"https:\\\/\\\/www.moore-serbia.rs\\\/srp\\\/join-us\\\/\"]}]},{\"@type\":\"ImageObject\",\"inLanguage\":\"srp\",\"@id\":\"https:\\\/\\\/www.moore-serbia.rs\\\/srp\\\/join-us\\\/#primaryimage\",\"url\":\"https:\\\/\\\/www.moore-serbia.rs\\\/wp-content\\\/uploads\\\/sites\\\/7\\\/2025\\\/11\\\/Join-us.jpg\",\"contentUrl\":\"https:\\\/\\\/www.moore-serbia.rs\\\/wp-content\\\/uploads\\\/sites\\\/7\\\/2025\\\/11\\\/Join-us.jpg\",\"width\":1024,\"height\":683,\"caption\":\"Group of children laying on grass in circle formation\"},{\"@type\":\"BreadcrumbList\",\"@id\":\"https:\\\/\\\/www.moore-serbia.rs\\\/srp\\\/join-us\\\/#breadcrumb\",\"itemListElement\":[{\"@type\":\"ListItem\",\"position\":1,\"name\":\"Home\",\"item\":\"https:\\\/\\\/www.moore-serbia.rs\\\/\"},{\"@type\":\"ListItem\",\"position\":2,\"name\":\"Join us\"}]},{\"@type\":\"WebSite\",\"@id\":\"http:\\\/\\\/www.moore-serbia.rs\\\/srp\\\/#website\",\"url\":\"http:\\\/\\\/www.moore-serbia.rs\\\/srp\\\/\",\"name\":\"Moore Stephens Revizija\",\"description\":\"This is the base site for Moore Global\",\"potentialAction\":[{\"@type\":\"SearchAction\",\"target\":{\"@type\":\"EntryPoint\",\"urlTemplate\":\"http:\\\/\\\/www.moore-serbia.rs\\\/srp\\\/?s={search_term_string}\"},\"query-input\":{\"@type\":\"PropertyValueSpecification\",\"valueRequired\":true,\"valueName\":\"search_term_string\"}}],\"inLanguage\":\"srp\"}]}<\/script>\n<!-- \/ Yoast SEO plugin. -->","yoast_head_json":{"title":"Join us - Moore Stephens Revizija","robots":{"index":"index","follow":"follow","max-snippet":"max-snippet:-1","max-image-preview":"max-image-preview:large","max-video-preview":"max-video-preview:-1"},"canonical":"https:\/\/www.moore-serbia.rs\/srp\/join-us\/","og_locale":"en_US","og_type":"article","og_title":"Join us - Moore Stephens Revizija","og_url":"https:\/\/www.moore-serbia.rs\/srp\/join-us\/","og_site_name":"Moore Stephens Revizija","article_modified_time":"2025-11-21T10:31:47+00:00","og_image":[{"width":1024,"height":683,"url":"https:\/\/www.moore-serbia.rs\/wp-content\/uploads\/sites\/7\/2025\/11\/Join-us.jpg","type":"image\/jpeg"}],"twitter_card":"summary_large_image","twitter_misc":{"Est. reading time":"1 minute"},"schema":{"@context":"https:\/\/schema.org","@graph":[{"@type":"WebPage","@id":"https:\/\/www.moore-serbia.rs\/srp\/join-us\/","url":"https:\/\/www.moore-serbia.rs\/srp\/join-us\/","name":"Join us - Moore Stephens Revizija","isPartOf":{"@id":"http:\/\/www.moore-serbia.rs\/srp\/#website"},"primaryImageOfPage":{"@id":"https:\/\/www.moore-serbia.rs\/srp\/join-us\/#primaryimage"},"image":{"@id":"https:\/\/www.moore-serbia.rs\/srp\/join-us\/#primaryimage"},"thumbnailUrl":"https:\/\/www.moore-serbia.rs\/wp-content\/uploads\/sites\/7\/2025\/11\/Join-us.jpg","datePublished":"2025-11-21T09:50:43+00:00","dateModified":"2025-11-21T10:31:47+00:00","breadcrumb":{"@id":"https:\/\/www.moore-serbia.rs\/srp\/join-us\/#breadcrumb"},"inLanguage":"srp","potentialAction":[{"@type":"ReadAction","target":["https:\/\/www.moore-serbia.rs\/srp\/join-us\/"]}]},{"@type":"ImageObject","inLanguage":"srp","@id":"https:\/\/www.moore-serbia.rs\/srp\/join-us\/#primaryimage","url":"https:\/\/www.moore-serbia.rs\/wp-content\/uploads\/sites\/7\/2025\/11\/Join-us.jpg","contentUrl":"https:\/\/www.moore-serbia.rs\/wp-content\/uploads\/sites\/7\/2025\/11\/Join-us.jpg","width":1024,"height":683,"caption":"Group of children laying on grass in circle formation"},{"@type":"BreadcrumbList","@id":"https:\/\/www.moore-serbia.rs\/srp\/join-us\/#breadcrumb","itemListElement":[{"@type":"ListItem","position":1,"name":"Home","item":"https:\/\/www.moore-serbia.rs\/"},{"@type":"ListItem","position":2,"name":"Join us"}]},{"@type":"WebSite","@id":"http:\/\/www.moore-serbia.rs\/srp\/#website","url":"http:\/\/www.moore-serbia.rs\/srp\/","name":"Moore Stephens Revizija","description":"This is the base site for Moore Global","potentialAction":[{"@type":"SearchAction","target":{"@type":"EntryPoint","urlTemplate":"http:\/\/www.moore-serbia.rs\/srp\/?s={search_term_string}"},"query-input":{"@type":"PropertyValueSpecification","valueRequired":true,"valueName":"search_term_string"}}],"inLanguage":"srp"}]}},"_links":{"self":[{"href":"https:\/\/www.moore-serbia.rs\/srp\/wp-json\/wp\/v2\/pages\/456","targetHints":{"allow":["GET"]}}],"collection":[{"href":"https:\/\/www.moore-serbia.rs\/srp\/wp-json\/wp\/v2\/pages"}],"about":[{"href":"https:\/\/www.moore-serbia.rs\/srp\/wp-json\/wp\/v2\/types\/page"}],"author":[{"embeddable":true,"href":"https:\/\/www.moore-serbia.rs\/srp\/wp-json\/wp\/v2\/users\/20"}],"replies":[{"embeddable":true,"href":"https:\/\/www.moore-serbia.rs\/srp\/wp-json\/wp\/v2\/comments?post=456"}],"version-history":[{"count":0,"href":"https:\/\/www.moore-serbia.rs\/srp\/wp-json\/wp\/v2\/pages\/456\/revisions"}],"wp:featuredmedia":[{"embeddable":true,"href":"https:\/\/www.moore-serbia.rs\/srp\/wp-json\/wp\/v2\/media\/460"}],"wp:attachment":[{"href":"https:\/\/www.moore-serbia.rs\/srp\/wp-json\/wp\/v2\/media?parent=456"}],"curies":[{"name":"wp","href":"https:\/\/api.w.org\/{rel}","templated":true}]}}